{"id":989,"date":"2022-10-17T09:50:31","date_gmt":"2022-10-17T14:50:31","guid":{"rendered":"https:\/\/farmcrop1.com\/?page_id=989"},"modified":"2025-11-24T11:20:51","modified_gmt":"2025-11-24T16:20:51","slug":"inductores-fisiologicos-de-resistencia","status":"publish","type":"page","link":"https:\/\/farmcrop1.com\/?page_id=989","title":{"rendered":"INDUCTORES FISIOL\u00d3GICOS DE RESISTENCIA"},"content":{"rendered":"\t\t<div data-elementor-type=\"wp-page\" data-elementor-id=\"989\" class=\"elementor elementor-989\">\n\t\t\t\t\t\t\t\t\t<section class=\"elementor-section elementor-top-section elementor-element elementor-element-9699b2c elementor-section-boxed elementor-section-height-default elementor-section-height-default\" data-id=\"9699b2c\" data-element_type=\"section\">\n\t\t\t\t\t\t<div class=\"elementor-container elementor-column-gap-default\">\n\t\t\t\t\t<div class=\"elementor-column elementor-col-33 elementor-top-column elementor-element elementor-element-60db52f\" data-id=\"60db52f\" data-element_type=\"column\">\n\t\t\t<div class=\"elementor-widget-wrap elementor-element-populated\">\n\t\t\t\t\t\t\t\t<div class=\"elementor-element elementor-element-beac564 animated-slow elementor-invisible elementor-widget elementor-widget-image\" data-id=\"beac564\" data-element_type=\"widget\" data-settings=\"{&quot;_animation&quot;:&quot;zoomIn&quot;}\" data-widget_type=\"image.default\">\n\t\t\t\t<div class=\"elementor-widget-container\">\n\t\t\t<style>\/*! elementor - v3.6.6 - 08-06-2022 *\/\n.elementor-widget-image{text-align:center}.elementor-widget-image a{display:inline-block}.elementor-widget-image a img[src$=\".svg\"]{width:48px}.elementor-widget-image img{vertical-align:middle;display:inline-block}<\/style>\t\t\t\t\t\t\t\t\t\t\t\t<img width=\"800\" height=\"899\" src=\"https:\/\/farmcrop1.com\/wp-content\/uploads\/2024\/06\/GLUCO-MAX-1-911x1024.jpg\" class=\"attachment-large size-large\" alt=\"\" loading=\"lazy\" srcset=\"https:\/\/farmcrop1.com\/wp-content\/uploads\/2024\/06\/GLUCO-MAX-1-911x1024.jpg 911w, https:\/\/farmcrop1.com\/wp-content\/uploads\/2024\/06\/GLUCO-MAX-1-267x300.jpg 267w, https:\/\/farmcrop1.com\/wp-content\/uploads\/2024\/06\/GLUCO-MAX-1-768x863.jpg 768w, https:\/\/farmcrop1.com\/wp-content\/uploads\/2024\/06\/GLUCO-MAX-1-1366x1536.jpg 1366w, https:\/\/farmcrop1.com\/wp-content\/uploads\/2024\/06\/GLUCO-MAX-1-1822x2048.jpg 1822w\" sizes=\"(max-width: 800px) 100vw, 800px\" \/>\t\t\t\t\t\t\t\t\t\t\t\t\t\t\t<\/div>\n\t\t\t\t<\/div>\n\t\t\t\t<div class=\"elementor-element elementor-element-c22aad1 elementor-widget elementor-widget-heading\" data-id=\"c22aad1\" data-element_type=\"widget\" data-widget_type=\"heading.default\">\n\t\t\t\t<div class=\"elementor-widget-container\">\n\t\t\t<style>\/*! elementor - v3.6.6 - 08-06-2022 *\/\n.elementor-heading-title{padding:0;margin:0;line-height:1}.elementor-widget-heading .elementor-heading-title[class*=elementor-size-]>a{color:inherit;font-size:inherit;line-height:inherit}.elementor-widget-heading .elementor-heading-title.elementor-size-small{font-size:15px}.elementor-widget-heading .elementor-heading-title.elementor-size-medium{font-size:19px}.elementor-widget-heading .elementor-heading-title.elementor-size-large{font-size:29px}.elementor-widget-heading .elementor-heading-title.elementor-size-xl{font-size:39px}.elementor-widget-heading .elementor-heading-title.elementor-size-xxl{font-size:59px}<\/style><h2 class=\"elementor-heading-title elementor-size-default\">GLUCO MAX<\/h2>\t\t<\/div>\n\t\t\t\t<\/div>\n\t\t\t\t<div class=\"elementor-element elementor-element-1c0ffe6 elementor-align-center elementor-widget elementor-widget-button\" data-id=\"1c0ffe6\" data-element_type=\"widget\" data-widget_type=\"button.default\">\n\t\t\t\t<div class=\"elementor-widget-container\">\n\t\t\t\t\t<div class=\"elementor-button-wrapper\">\n\t\t\t<a href=\"https:\/\/farmcrop1.com\/wp-content\/uploads\/2022\/10\/GLUCOMAX-FT...-1-1.pdf\" class=\"elementor-button-link elementor-button elementor-size-sm\" role=\"button\">\n\t\t\t\t\t\t<span class=\"elementor-button-content-wrapper\">\n\t\t\t\t\t\t<span class=\"elementor-button-text\">Ficha T\u00e9cnica<\/span>\n\t\t<\/span>\n\t\t\t\t\t<\/a>\n\t\t<\/div>\n\t\t\t\t<\/div>\n\t\t\t\t<\/div>\n\t\t\t\t<div class=\"elementor-element elementor-element-8159fd2 elementor-align-center elementor-widget elementor-widget-button\" data-id=\"8159fd2\" data-element_type=\"widget\" data-widget_type=\"button.default\">\n\t\t\t\t<div class=\"elementor-widget-container\">\n\t\t\t\t\t<div class=\"elementor-button-wrapper\">\n\t\t\t<a href=\"https:\/\/farmcrop1.com\/wp-content\/uploads\/2022\/12\/Hoja-de-Seguridad-GLUCOMAX.pdf\" class=\"elementor-button-link elementor-button elementor-size-sm\" role=\"button\">\n\t\t\t\t\t\t<span class=\"elementor-button-content-wrapper\">\n\t\t\t\t\t\t<span class=\"elementor-button-text\">Hoja de Seguridad<\/span>\n\t\t<\/span>\n\t\t\t\t\t<\/a>\n\t\t<\/div>\n\t\t\t\t<\/div>\n\t\t\t\t<\/div>\n\t\t\t\t\t<\/div>\n\t\t<\/div>\n\t\t\t\t<div class=\"elementor-column elementor-col-33 elementor-top-column elementor-element elementor-element-b621a08\" data-id=\"b621a08\" data-element_type=\"column\">\n\t\t\t<div class=\"elementor-widget-wrap elementor-element-populated\">\n\t\t\t\t\t\t\t\t<div class=\"elementor-element elementor-element-14d9269 animated-slow elementor-invisible elementor-widget elementor-widget-image\" data-id=\"14d9269\" data-element_type=\"widget\" data-settings=\"{&quot;_animation&quot;:&quot;zoomIn&quot;}\" data-widget_type=\"image.default\">\n\t\t\t\t<div class=\"elementor-widget-container\">\n\t\t\t\t\t\t\t\t\t\t\t\t\t\t\t<img width=\"800\" height=\"899\" src=\"https:\/\/farmcrop1.com\/wp-content\/uploads\/2024\/06\/SUPRE-CU-911x1024.jpg\" class=\"attachment-large size-large\" alt=\"\" loading=\"lazy\" srcset=\"https:\/\/farmcrop1.com\/wp-content\/uploads\/2024\/06\/SUPRE-CU-911x1024.jpg 911w, https:\/\/farmcrop1.com\/wp-content\/uploads\/2024\/06\/SUPRE-CU-267x300.jpg 267w, https:\/\/farmcrop1.com\/wp-content\/uploads\/2024\/06\/SUPRE-CU-768x863.jpg 768w, https:\/\/farmcrop1.com\/wp-content\/uploads\/2024\/06\/SUPRE-CU-1366x1536.jpg 1366w, https:\/\/farmcrop1.com\/wp-content\/uploads\/2024\/06\/SUPRE-CU-1822x2048.jpg 1822w\" sizes=\"(max-width: 800px) 100vw, 800px\" \/>\t\t\t\t\t\t\t\t\t\t\t\t\t\t\t<\/div>\n\t\t\t\t<\/div>\n\t\t\t\t<div class=\"elementor-element elementor-element-7c2cdf1 elementor-widget elementor-widget-heading\" data-id=\"7c2cdf1\" data-element_type=\"widget\" data-widget_type=\"heading.default\">\n\t\t\t\t<div class=\"elementor-widget-container\">\n\t\t\t<h2 class=\"elementor-heading-title elementor-size-default\">SUPRE CU <\/h2>\t\t<\/div>\n\t\t\t\t<\/div>\n\t\t\t\t<div class=\"elementor-element elementor-element-de9cb27 elementor-align-center elementor-widget elementor-widget-button\" data-id=\"de9cb27\" data-element_type=\"widget\" data-widget_type=\"button.default\">\n\t\t\t\t<div class=\"elementor-widget-container\">\n\t\t\t\t\t<div class=\"elementor-button-wrapper\">\n\t\t\t<a href=\"https:\/\/farmcrop1.com\/wp-content\/uploads\/2022\/10\/SUPRE-CU-FT....pdf\" class=\"elementor-button-link elementor-button elementor-size-sm\" role=\"button\">\n\t\t\t\t\t\t<span class=\"elementor-button-content-wrapper\">\n\t\t\t\t\t\t<span class=\"elementor-button-text\">Ficha T\u00e9cnica<\/span>\n\t\t<\/span>\n\t\t\t\t\t<\/a>\n\t\t<\/div>\n\t\t\t\t<\/div>\n\t\t\t\t<\/div>\n\t\t\t\t<div class=\"elementor-element elementor-element-4999bdc elementor-align-center elementor-widget elementor-widget-button\" data-id=\"4999bdc\" data-element_type=\"widget\" data-widget_type=\"button.default\">\n\t\t\t\t<div class=\"elementor-widget-container\">\n\t\t\t\t\t<div class=\"elementor-button-wrapper\">\n\t\t\t<a href=\"https:\/\/farmcrop1.com\/wp-content\/uploads\/2022\/12\/Hoja-de-Seguridad-SUPRECU.pdf\" class=\"elementor-button-link elementor-button elementor-size-sm\" role=\"button\">\n\t\t\t\t\t\t<span class=\"elementor-button-content-wrapper\">\n\t\t\t\t\t\t<span class=\"elementor-button-text\">Hoja de Seguridad<\/span>\n\t\t<\/span>\n\t\t\t\t\t<\/a>\n\t\t<\/div>\n\t\t\t\t<\/div>\n\t\t\t\t<\/div>\n\t\t\t\t\t<\/div>\n\t\t<\/div>\n\t\t\t\t<div class=\"elementor-column elementor-col-33 elementor-top-column elementor-element elementor-element-3aa3f9d\" data-id=\"3aa3f9d\" data-element_type=\"column\">\n\t\t\t<div class=\"elementor-widget-wrap elementor-element-populated\">\n\t\t\t\t\t\t\t\t<div class=\"elementor-element elementor-element-89da14c animated-slow elementor-invisible elementor-widget elementor-widget-image\" data-id=\"89da14c\" data-element_type=\"widget\" data-settings=\"{&quot;_animation&quot;:&quot;zoomIn&quot;}\" data-widget_type=\"image.default\">\n\t\t\t\t<div class=\"elementor-widget-container\">\n\t\t\t\t\t\t\t\t\t\t\t\t\t\t\t<img width=\"800\" height=\"899\" src=\"https:\/\/farmcrop1.com\/wp-content\/uploads\/2024\/06\/PREVENT-70-911x1024.jpg\" class=\"attachment-large size-large\" alt=\"\" loading=\"lazy\" srcset=\"https:\/\/farmcrop1.com\/wp-content\/uploads\/2024\/06\/PREVENT-70-911x1024.jpg 911w, https:\/\/farmcrop1.com\/wp-content\/uploads\/2024\/06\/PREVENT-70-267x300.jpg 267w, https:\/\/farmcrop1.com\/wp-content\/uploads\/2024\/06\/PREVENT-70-768x863.jpg 768w, https:\/\/farmcrop1.com\/wp-content\/uploads\/2024\/06\/PREVENT-70-1366x1536.jpg 1366w, https:\/\/farmcrop1.com\/wp-content\/uploads\/2024\/06\/PREVENT-70-1822x2048.jpg 1822w\" sizes=\"(max-width: 800px) 100vw, 800px\" \/>\t\t\t\t\t\t\t\t\t\t\t\t\t\t\t<\/div>\n\t\t\t\t<\/div>\n\t\t\t\t<div class=\"elementor-element elementor-element-c4eafe8 elementor-widget elementor-widget-heading\" data-id=\"c4eafe8\" data-element_type=\"widget\" data-widget_type=\"heading.default\">\n\t\t\t\t<div class=\"elementor-widget-container\">\n\t\t\t<h2 class=\"elementor-heading-title elementor-size-default\">PREVENT 70 <\/h2>\t\t<\/div>\n\t\t\t\t<\/div>\n\t\t\t\t<div class=\"elementor-element elementor-element-dc1f285 elementor-align-center elementor-widget elementor-widget-button\" data-id=\"dc1f285\" data-element_type=\"widget\" data-widget_type=\"button.default\">\n\t\t\t\t<div class=\"elementor-widget-container\">\n\t\t\t\t\t<div class=\"elementor-button-wrapper\">\n\t\t\t<a href=\"https:\/\/farmcrop1.com\/wp-content\/uploads\/2022\/10\/PREVENT-70-1.pdf\" class=\"elementor-button-link elementor-button elementor-size-sm\" role=\"button\">\n\t\t\t\t\t\t<span class=\"elementor-button-content-wrapper\">\n\t\t\t\t\t\t<span class=\"elementor-button-text\">Ficha T\u00e9cnica<\/span>\n\t\t<\/span>\n\t\t\t\t\t<\/a>\n\t\t<\/div>\n\t\t\t\t<\/div>\n\t\t\t\t<\/div>\n\t\t\t\t<div class=\"elementor-element elementor-element-addbd72 elementor-align-center elementor-widget elementor-widget-button\" data-id=\"addbd72\" data-element_type=\"widget\" data-widget_type=\"button.default\">\n\t\t\t\t<div class=\"elementor-widget-container\">\n\t\t\t\t\t<div class=\"elementor-button-wrapper\">\n\t\t\t<a href=\"https:\/\/farmcrop1.com\/wp-content\/uploads\/2022\/12\/Hoja-de-Seguridad-PREVENT-70.pdf\" class=\"elementor-button-link elementor-button elementor-size-sm\" role=\"button\">\n\t\t\t\t\t\t<span class=\"elementor-button-content-wrapper\">\n\t\t\t\t\t\t<span class=\"elementor-button-text\">Hoja de Seguridad<\/span>\n\t\t<\/span>\n\t\t\t\t\t<\/a>\n\t\t<\/div>\n\t\t\t\t<\/div>\n\t\t\t\t<\/div>\n\t\t\t\t\t<\/div>\n\t\t<\/div>\n\t\t\t\t\t\t\t<\/div>\n\t\t<\/section>\n\t\t\t\t\t\t\t<\/div>\n\t\t","protected":false},"excerpt":{"rendered":"<p>GLUCO MAX Ficha T\u00e9cnica Hoja de Seguridad SUPRE CU Ficha T\u00e9cnica Hoja de Seguridad PREVENT 70 Ficha T\u00e9cnica Hoja de Seguridad<\/p>\n","protected":false},"author":1,"featured_media":0,"parent":0,"menu_order":0,"comment_status":"closed","ping_status":"closed","template":"","meta":[],"_links":{"self":[{"href":"https:\/\/farmcrop1.com\/index.php?rest_route=\/wp\/v2\/pages\/989"}],"collection":[{"href":"https:\/\/farmcrop1.com\/index.php?rest_route=\/wp\/v2\/pages"}],"about":[{"href":"https:\/\/farmcrop1.com\/index.php?rest_route=\/wp\/v2\/types\/page"}],"author":[{"embeddable":true,"href":"https:\/\/farmcrop1.com\/index.php?rest_route=\/wp\/v2\/users\/1"}],"replies":[{"embeddable":true,"href":"https:\/\/farmcrop1.com\/index.php?rest_route=%2Fwp%2Fv2%2Fcomments&post=989"}],"version-history":[{"count":66,"href":"https:\/\/farmcrop1.com\/index.php?rest_route=\/wp\/v2\/pages\/989\/revisions"}],"predecessor-version":[{"id":5506,"href":"https:\/\/farmcrop1.com\/index.php?rest_route=\/wp\/v2\/pages\/989\/revisions\/5506"}],"wp:attachment":[{"href":"https:\/\/farmcrop1.com\/index.php?rest_route=%2Fwp%2Fv2%2Fmedia&parent=989"}],"curies":[{"name":"wp","href":"https:\/\/api.w.org\/{rel}","templated":true}]}}