{"id":27,"date":"2022-05-31T17:08:08","date_gmt":"2022-05-31T22:08:08","guid":{"rendered":"https:\/\/farmcrop1.com\/?page_id=27"},"modified":"2025-11-24T11:30:22","modified_gmt":"2025-11-24T16:30:22","slug":"noticias","status":"publish","type":"page","link":"https:\/\/farmcrop1.com\/?page_id=27","title":{"rendered":"NOTICIAS"},"content":{"rendered":"\t\t<div data-elementor-type=\"wp-page\" data-elementor-id=\"27\" class=\"elementor elementor-27\">\n\t\t\t\t\t\t\t\t\t<section class=\"elementor-section elementor-top-section elementor-element elementor-element-fc9xfrf elementor-section-height-min-height elementor-section-boxed elementor-section-height-default elementor-section-items-middle\" data-id=\"fc9xfrf\" data-element_type=\"section\" data-settings=\"{&quot;background_background&quot;:&quot;classic&quot;}\">\n\t\t\t\t\t\t<div class=\"elementor-container elementor-column-gap-no\">\n\t\t\t\t\t<div class=\"elementor-column elementor-col-100 elementor-top-column elementor-element elementor-element-3d6b208\" data-id=\"3d6b208\" data-element_type=\"column\">\n\t\t\t<div class=\"elementor-widget-wrap elementor-element-populated\">\n\t\t\t\t\t\t\t\t<div class=\"elementor-element elementor-element-66e834c elementor-widget elementor-widget-heading\" data-id=\"66e834c\" data-element_type=\"widget\" data-widget_type=\"heading.default\">\n\t\t\t\t<div class=\"elementor-widget-container\">\n\t\t\t<style>\/*! elementor - v3.6.6 - 08-06-2022 *\/\n.elementor-heading-title{padding:0;margin:0;line-height:1}.elementor-widget-heading .elementor-heading-title[class*=elementor-size-]>a{color:inherit;font-size:inherit;line-height:inherit}.elementor-widget-heading .elementor-heading-title.elementor-size-small{font-size:15px}.elementor-widget-heading .elementor-heading-title.elementor-size-medium{font-size:19px}.elementor-widget-heading .elementor-heading-title.elementor-size-large{font-size:29px}.elementor-widget-heading .elementor-heading-title.elementor-size-xl{font-size:39px}.elementor-widget-heading .elementor-heading-title.elementor-size-xxl{font-size:59px}<\/style><h2 class=\"elementor-heading-title elementor-size-default\"><font dir=\"auto\" style=\"vertical-align: inherit;\"><\/font>Noticias<\/h2>\t\t<\/div>\n\t\t\t\t<\/div>\n\t\t\t\t\t<\/div>\n\t\t<\/div>\n\t\t\t\t\t\t\t<\/div>\n\t\t<\/section>\n\t\t\t\t<section class=\"elementor-section elementor-top-section elementor-element elementor-element-da9c0e2 elementor-section-boxed elementor-section-height-default elementor-section-height-default\" data-id=\"da9c0e2\" data-element_type=\"section\">\n\t\t\t\t\t\t<div class=\"elementor-container elementor-column-gap-default\">\n\t\t\t\t\t<div class=\"elementor-column elementor-col-33 elementor-top-column elementor-element elementor-element-715f19b\" data-id=\"715f19b\" data-element_type=\"column\">\n\t\t\t<div class=\"elementor-widget-wrap elementor-element-populated\">\n\t\t\t\t\t\t\t\t<div class=\"elementor-element elementor-element-f939ba0 animated-slow elementor-invisible elementor-widget elementor-widget-image\" data-id=\"f939ba0\" data-element_type=\"widget\" data-settings=\"{&quot;_animation&quot;:&quot;fadeInLeft&quot;}\" data-widget_type=\"image.default\">\n\t\t\t\t<div class=\"elementor-widget-container\">\n\t\t\t<style>\/*! elementor - v3.6.6 - 08-06-2022 *\/\n.elementor-widget-image{text-align:center}.elementor-widget-image a{display:inline-block}.elementor-widget-image a img[src$=\".svg\"]{width:48px}.elementor-widget-image img{vertical-align:middle;display:inline-block}<\/style>\t\t\t\t\t\t\t\t\t\t\t\t<img width=\"800\" height=\"800\" src=\"https:\/\/farmcrop1.com\/wp-content\/uploads\/2025\/10\/1-1024x1024.jpg\" class=\"attachment-large size-large\" alt=\"\" loading=\"lazy\" srcset=\"https:\/\/farmcrop1.com\/wp-content\/uploads\/2025\/10\/1-1024x1024.jpg 1024w, https:\/\/farmcrop1.com\/wp-content\/uploads\/2025\/10\/1-300x300.jpg 300w, https:\/\/farmcrop1.com\/wp-content\/uploads\/2025\/10\/1-150x150.jpg 150w, https:\/\/farmcrop1.com\/wp-content\/uploads\/2025\/10\/1-768x768.jpg 768w, https:\/\/farmcrop1.com\/wp-content\/uploads\/2025\/10\/1-1536x1536.jpg 1536w\" sizes=\"(max-width: 800px) 100vw, 800px\" \/>\t\t\t\t\t\t\t\t\t\t\t\t\t\t\t<\/div>\n\t\t\t\t<\/div>\n\t\t\t\t\t<\/div>\n\t\t<\/div>\n\t\t\t\t<div class=\"elementor-column elementor-col-33 elementor-top-column elementor-element elementor-element-c383a2d\" data-id=\"c383a2d\" data-element_type=\"column\">\n\t\t\t<div class=\"elementor-widget-wrap elementor-element-populated\">\n\t\t\t\t\t\t\t\t<div class=\"elementor-element elementor-element-3bc4e11 animated-slow elementor-invisible elementor-widget elementor-widget-image\" data-id=\"3bc4e11\" data-element_type=\"widget\" data-settings=\"{&quot;_animation&quot;:&quot;zoomIn&quot;}\" data-widget_type=\"image.default\">\n\t\t\t\t<div class=\"elementor-widget-container\">\n\t\t\t\t\t\t\t\t\t\t\t\t\t\t\t<img width=\"800\" height=\"800\" src=\"https:\/\/farmcrop1.com\/wp-content\/uploads\/2025\/10\/4-1024x1024.jpg\" class=\"attachment-large size-large\" alt=\"\" loading=\"lazy\" srcset=\"https:\/\/farmcrop1.com\/wp-content\/uploads\/2025\/10\/4-1024x1024.jpg 1024w, https:\/\/farmcrop1.com\/wp-content\/uploads\/2025\/10\/4-300x300.jpg 300w, https:\/\/farmcrop1.com\/wp-content\/uploads\/2025\/10\/4-150x150.jpg 150w, https:\/\/farmcrop1.com\/wp-content\/uploads\/2025\/10\/4-768x768.jpg 768w, https:\/\/farmcrop1.com\/wp-content\/uploads\/2025\/10\/4-1536x1536.jpg 1536w\" sizes=\"(max-width: 800px) 100vw, 800px\" \/>\t\t\t\t\t\t\t\t\t\t\t\t\t\t\t<\/div>\n\t\t\t\t<\/div>\n\t\t\t\t\t<\/div>\n\t\t<\/div>\n\t\t\t\t<div class=\"elementor-column elementor-col-33 elementor-top-column elementor-element elementor-element-13a23d4\" data-id=\"13a23d4\" data-element_type=\"column\">\n\t\t\t<div class=\"elementor-widget-wrap elementor-element-populated\">\n\t\t\t\t\t\t\t\t<div class=\"elementor-element elementor-element-8dc771e animated-slow elementor-invisible elementor-widget elementor-widget-image\" data-id=\"8dc771e\" data-element_type=\"widget\" data-settings=\"{&quot;_animation&quot;:&quot;fadeInRight&quot;}\" data-widget_type=\"image.default\">\n\t\t\t\t<div class=\"elementor-widget-container\">\n\t\t\t\t\t\t\t\t\t\t\t\t\t\t\t<img width=\"800\" height=\"800\" src=\"https:\/\/farmcrop1.com\/wp-content\/uploads\/2025\/10\/7-1-1024x1024.jpg\" class=\"attachment-large size-large\" alt=\"\" loading=\"lazy\" srcset=\"https:\/\/farmcrop1.com\/wp-content\/uploads\/2025\/10\/7-1-1024x1024.jpg 1024w, https:\/\/farmcrop1.com\/wp-content\/uploads\/2025\/10\/7-1-300x300.jpg 300w, https:\/\/farmcrop1.com\/wp-content\/uploads\/2025\/10\/7-1-150x150.jpg 150w, https:\/\/farmcrop1.com\/wp-content\/uploads\/2025\/10\/7-1-768x768.jpg 768w, https:\/\/farmcrop1.com\/wp-content\/uploads\/2025\/10\/7-1.jpg 1080w\" sizes=\"(max-width: 800px) 100vw, 800px\" \/>\t\t\t\t\t\t\t\t\t\t\t\t\t\t\t<\/div>\n\t\t\t\t<\/div>\n\t\t\t\t\t<\/div>\n\t\t<\/div>\n\t\t\t\t\t\t\t<\/div>\n\t\t<\/section>\n\t\t\t\t<section class=\"elementor-section elementor-top-section elementor-element elementor-element-d0c28dc elementor-section-boxed elementor-section-height-default elementor-section-height-default\" data-id=\"d0c28dc\" data-element_type=\"section\">\n\t\t\t\t\t\t<div class=\"elementor-container elementor-column-gap-default\">\n\t\t\t\t\t<div class=\"elementor-column elementor-col-100 elementor-top-column elementor-element elementor-element-0fd86ac\" data-id=\"0fd86ac\" data-element_type=\"column\">\n\t\t\t<div class=\"elementor-widget-wrap elementor-element-populated\">\n\t\t\t\t\t\t\t\t<div class=\"elementor-element elementor-element-2a191e2 animated-slow elementor-invisible elementor-widget elementor-widget-heading\" data-id=\"2a191e2\" data-element_type=\"widget\" data-settings=\"{&quot;_animation&quot;:&quot;zoomIn&quot;}\" data-widget_type=\"heading.default\">\n\t\t\t\t<div class=\"elementor-widget-container\">\n\t\t\t<h2 class=\"elementor-heading-title elementor-size-large\"><font dir=\"auto\" style=\"vertical-align: inherit;\"><font dir=\"auto\" style=\"vertical-align: inherit;\"><font dir=\"auto\" style=\"vertical-align: inherit;\"><font dir=\"auto\" style=\"vertical-align: inherit;\"><font dir=\"auto\" style=\"vertical-align: inherit;\"><font dir=\"auto\" style=\"vertical-align: inherit;\"><font dir=\"auto\" style=\"vertical-align: inherit;\"><font dir=\"auto\" style=\"vertical-align: inherit;\"><p style=\"margin-bottom: 0cm; line-height: normal; background-image: initial; background-position: initial; background-size: initial; background-repeat: initial; background-attachment: initial; background-origin: initial; background-clip: initial;\"><span style=\"font-size:11.5pt;mso-fareast-font-family:&quot;Times New Roman&quot;;mso-bidi-font-family:\nCalibri;mso-bidi-theme-font:minor-latin;color:#080809;mso-font-kerning:0pt;\nmso-ligatures:none;mso-fareast-language:ES-PE\"><font dir=\"auto\" style=\"vertical-align: inherit;\"><font dir=\"auto\" style=\"vertical-align: inherit;\">El 25 y 26 de Setiembre estuvimos presentes en el VI Simposio Internacional de Berries y Cultivos de Exportaci\u00f3n 2025 en Huacho, en la Universidad Nacional Jos\u00e9 Faustino S\u00e1nchez Carri\u00f3n. Un evento lleno de aprendizaje e innovaci\u00f3n que impulsa los cultivos de agroexportaci\u00f3n. <\/font><\/font><\/span><span style=\"word-spacing: normal; font-size: 11.5pt; color: rgb(8, 8, 9);\"><font dir=\"auto\" style=\"vertical-align: inherit;\"><font dir=\"auto\" style=\"vertical-align: inherit;\"><font dir=\"auto\" style=\"vertical-align: inherit;\"><font dir=\"auto\" style=\"vertical-align: inherit;\">Estuvo liderado por RTC Franz Montoya O., responsable de la Zona Norte Chico, y el Promotor Romero Santos G., quienes nos representaron con compromiso y profesionalismo. <\/font><\/font><\/font><\/font><\/span><span style=\"word-spacing: normal; font-size: 11.5pt; color: rgb(8, 8, 9);\"><font dir=\"auto\" style=\"vertical-align: inherit;\"><font dir=\"auto\" style=\"vertical-align: inherit;\"><font dir=\"auto\" style=\"vertical-align: inherit;\"><font dir=\"auto\" style=\"vertical-align: inherit;\"><font dir=\"auto\" style=\"vertical-align: inherit;\"><font dir=\"auto\" style=\"vertical-align: inherit;\">Agradecemos sinceramente a todos los asistentes que nos visitaron por su inter\u00e9s, confianza y por ser parte de este gran encuentro. <\/font><\/font><\/font><\/font><\/font><\/font><\/span><span style=\"word-spacing: normal; color: rgb(8, 8, 9); font-size: 11.5pt;\"><font dir=\"auto\" style=\"vertical-align: inherit;\"><font dir=\"auto\" style=\"vertical-align: inherit;\"><font dir=\"auto\" style=\"vertical-align: inherit;\"><font dir=\"auto\" style=\"vertical-align: inherit;\"><font dir=\"auto\" style=\"vertical-align: inherit;\"><font dir=\"auto\" style=\"vertical-align: inherit;\">Reafirmamos nuestro compromiso con el agro peruano, llevando tecnolog\u00eda, conocimiento y soluciones a cada rinc\u00f3n.<\/font><\/font><\/font><\/font><\/font><\/font><\/span><\/p>\n\n\n\n<\/font><\/font><\/font><\/font><\/font><\/font><\/font><\/font>\n\n<font dir=\"auto\" style=\"vertical-align: inherit;\"><\/font><font dir=\"auto\" style=\"vertical-align: inherit;\"><font dir=\"auto\" style=\"vertical-align: inherit;\"><\/font><\/font><font dir=\"auto\" style=\"vertical-align: inherit;\"><font dir=\"auto\" style=\"vertical-align: inherit;\"><\/font><\/font><font dir=\"auto\" style=\"vertical-align: inherit;\"><font dir=\"auto\" style=\"vertical-align: inherit;\"><\/font><\/font><font dir=\"auto\" style=\"vertical-align: inherit;\"><font dir=\"auto\" style=\"vertical-align: inherit;\"><\/font><\/font><\/h2>\t\t<\/div>\n\t\t\t\t<\/div>\n\t\t\t\t\t<\/div>\n\t\t<\/div>\n\t\t\t\t\t\t\t<\/div>\n\t\t<\/section>\n\t\t\t\t<section class=\"elementor-section elementor-top-section elementor-element elementor-element-4ecc9bb elementor-section-boxed elementor-section-height-default elementor-section-height-default\" data-id=\"4ecc9bb\" data-element_type=\"section\">\n\t\t\t\t\t\t<div class=\"elementor-container elementor-column-gap-default\">\n\t\t\t\t\t<div class=\"elementor-column elementor-col-33 elementor-top-column elementor-element elementor-element-e7ab9cf\" data-id=\"e7ab9cf\" data-element_type=\"column\">\n\t\t\t<div class=\"elementor-widget-wrap elementor-element-populated\">\n\t\t\t\t\t\t\t\t<div class=\"elementor-element elementor-element-16e33c7 animated-slow elementor-invisible elementor-widget elementor-widget-image\" data-id=\"16e33c7\" data-element_type=\"widget\" data-settings=\"{&quot;_animation&quot;:&quot;fadeInLeft&quot;}\" data-widget_type=\"image.default\">\n\t\t\t\t<div class=\"elementor-widget-container\">\n\t\t\t\t\t\t\t\t\t\t\t\t\t\t\t<img width=\"800\" height=\"800\" src=\"https:\/\/farmcrop1.com\/wp-content\/uploads\/2025\/10\/3-1024x1024.jpg\" class=\"attachment-large size-large\" alt=\"\" loading=\"lazy\" srcset=\"https:\/\/farmcrop1.com\/wp-content\/uploads\/2025\/10\/3-1024x1024.jpg 1024w, https:\/\/farmcrop1.com\/wp-content\/uploads\/2025\/10\/3-300x300.jpg 300w, https:\/\/farmcrop1.com\/wp-content\/uploads\/2025\/10\/3-150x150.jpg 150w, https:\/\/farmcrop1.com\/wp-content\/uploads\/2025\/10\/3-768x768.jpg 768w, https:\/\/farmcrop1.com\/wp-content\/uploads\/2025\/10\/3-1536x1536.jpg 1536w\" sizes=\"(max-width: 800px) 100vw, 800px\" \/>\t\t\t\t\t\t\t\t\t\t\t\t\t\t\t<\/div>\n\t\t\t\t<\/div>\n\t\t\t\t\t<\/div>\n\t\t<\/div>\n\t\t\t\t<div class=\"elementor-column elementor-col-33 elementor-top-column elementor-element elementor-element-1c95c76\" data-id=\"1c95c76\" data-element_type=\"column\">\n\t\t\t<div class=\"elementor-widget-wrap elementor-element-populated\">\n\t\t\t\t\t\t\t\t<div class=\"elementor-element elementor-element-503a6f8 animated-slow elementor-invisible elementor-widget elementor-widget-image\" data-id=\"503a6f8\" data-element_type=\"widget\" data-settings=\"{&quot;_animation&quot;:&quot;zoomIn&quot;}\" data-widget_type=\"image.default\">\n\t\t\t\t<div class=\"elementor-widget-container\">\n\t\t\t\t\t\t\t\t\t\t\t\t\t\t\t<img width=\"800\" height=\"800\" src=\"https:\/\/farmcrop1.com\/wp-content\/uploads\/2025\/10\/6-1024x1024.jpg\" class=\"attachment-large size-large\" alt=\"\" loading=\"lazy\" srcset=\"https:\/\/farmcrop1.com\/wp-content\/uploads\/2025\/10\/6-1024x1024.jpg 1024w, https:\/\/farmcrop1.com\/wp-content\/uploads\/2025\/10\/6-300x300.jpg 300w, https:\/\/farmcrop1.com\/wp-content\/uploads\/2025\/10\/6-150x150.jpg 150w, https:\/\/farmcrop1.com\/wp-content\/uploads\/2025\/10\/6-768x768.jpg 768w, https:\/\/farmcrop1.com\/wp-content\/uploads\/2025\/10\/6-1536x1536.jpg 1536w\" sizes=\"(max-width: 800px) 100vw, 800px\" \/>\t\t\t\t\t\t\t\t\t\t\t\t\t\t\t<\/div>\n\t\t\t\t<\/div>\n\t\t\t\t\t<\/div>\n\t\t<\/div>\n\t\t\t\t<div class=\"elementor-column elementor-col-33 elementor-top-column elementor-element elementor-element-bb71ec8\" data-id=\"bb71ec8\" data-element_type=\"column\">\n\t\t\t<div class=\"elementor-widget-wrap elementor-element-populated\">\n\t\t\t\t\t\t\t\t<div class=\"elementor-element elementor-element-e3d4876 animated-slow elementor-invisible elementor-widget elementor-widget-image\" data-id=\"e3d4876\" data-element_type=\"widget\" data-settings=\"{&quot;_animation&quot;:&quot;fadeInRight&quot;}\" data-widget_type=\"image.default\">\n\t\t\t\t<div class=\"elementor-widget-container\">\n\t\t\t\t\t\t\t\t\t\t\t\t\t\t\t<img width=\"800\" height=\"800\" src=\"https:\/\/farmcrop1.com\/wp-content\/uploads\/2025\/10\/9-1024x1024.jpg\" class=\"attachment-large size-large\" alt=\"\" loading=\"lazy\" srcset=\"https:\/\/farmcrop1.com\/wp-content\/uploads\/2025\/10\/9-1024x1024.jpg 1024w, https:\/\/farmcrop1.com\/wp-content\/uploads\/2025\/10\/9-300x300.jpg 300w, https:\/\/farmcrop1.com\/wp-content\/uploads\/2025\/10\/9-150x150.jpg 150w, https:\/\/farmcrop1.com\/wp-content\/uploads\/2025\/10\/9-768x768.jpg 768w, https:\/\/farmcrop1.com\/wp-content\/uploads\/2025\/10\/9-1536x1536.jpg 1536w\" sizes=\"(max-width: 800px) 100vw, 800px\" \/>\t\t\t\t\t\t\t\t\t\t\t\t\t\t\t<\/div>\n\t\t\t\t<\/div>\n\t\t\t\t\t<\/div>\n\t\t<\/div>\n\t\t\t\t\t\t\t<\/div>\n\t\t<\/section>\n\t\t\t\t\t\t\t<\/div>\n\t\t","protected":false},"excerpt":{"rendered":"<p>Noticias El 25 y 26 de Setiembre estuvimos presentes en el VI Simposio Internacional de Berries y Cultivos de Exportaci\u00f3n 2025 en Huacho, en la Universidad Nacional Jos\u00e9 Faustino S\u00e1nchez Carri\u00f3n. Un evento lleno de aprendizaje e innovaci\u00f3n que impulsa los cultivos de agroexportaci\u00f3n. Estuvo liderado por RTC Franz Montoya O., responsable de la Zona Norte Chico, y el Promotor Romero Santos G., quienes nos representaron con compromiso y profesionalismo. Agradecemos sinceramente a todos los asistentes que nos visitaron por su inter\u00e9s, confianza y por ser parte de este gran encuentro. Reafirmamos nuestro compromiso con el agro peruano, llevando tecnolog\u00eda, conocimiento y soluciones a cada rinc\u00f3n.<\/p>\n","protected":false},"author":1,"featured_media":0,"parent":0,"menu_order":0,"comment_status":"closed","ping_status":"closed","template":"","meta":[],"_links":{"self":[{"href":"https:\/\/farmcrop1.com\/index.php?rest_route=\/wp\/v2\/pages\/27"}],"collection":[{"href":"https:\/\/farmcrop1.com\/index.php?rest_route=\/wp\/v2\/pages"}],"about":[{"href":"https:\/\/farmcrop1.com\/index.php?rest_route=\/wp\/v2\/types\/page"}],"author":[{"embeddable":true,"href":"https:\/\/farmcrop1.com\/index.php?rest_route=\/wp\/v2\/users\/1"}],"replies":[{"embeddable":true,"href":"https:\/\/farmcrop1.com\/index.php?rest_route=%2Fwp%2Fv2%2Fcomments&post=27"}],"version-history":[{"count":94,"href":"https:\/\/farmcrop1.com\/index.php?rest_route=\/wp\/v2\/pages\/27\/revisions"}],"predecessor-version":[{"id":5526,"href":"https:\/\/farmcrop1.com\/index.php?rest_route=\/wp\/v2\/pages\/27\/revisions\/5526"}],"wp:attachment":[{"href":"https:\/\/farmcrop1.com\/index.php?rest_route=%2Fwp%2Fv2%2Fmedia&parent=27"}],"curies":[{"name":"wp","href":"https:\/\/api.w.org\/{rel}","templated":true}]}}