{"id":231,"date":"2022-06-22T15:28:29","date_gmt":"2022-06-22T20:28:29","guid":{"rendered":"https:\/\/farmcrop1.com\/?page_id=231"},"modified":"2025-11-24T10:36:24","modified_gmt":"2025-11-24T15:36:24","slug":"nosotros","status":"publish","type":"page","link":"https:\/\/farmcrop1.com\/?page_id=231","title":{"rendered":"NOSOTROS"},"content":{"rendered":"\t\t<div data-elementor-type=\"wp-page\" data-elementor-id=\"231\" class=\"elementor elementor-231\">\n\t\t\t\t\t\t\t\t\t<section class=\"elementor-section elementor-top-section elementor-element elementor-element-e62a3ef elementor-section-boxed elementor-section-height-default elementor-section-height-default\" data-id=\"e62a3ef\" data-element_type=\"section\">\n\t\t\t\t\t\t<div class=\"elementor-container elementor-column-gap-default\">\n\t\t\t\t\t<div class=\"elementor-column elementor-col-100 elementor-top-column elementor-element elementor-element-4cc8da7\" data-id=\"4cc8da7\" data-element_type=\"column\">\n\t\t\t<div class=\"elementor-widget-wrap elementor-element-populated\">\n\t\t\t\t\t\t\t\t<div class=\"elementor-element elementor-element-68a207e elementor-invisible elementor-widget elementor-widget-heading\" data-id=\"68a207e\" data-element_type=\"widget\" data-settings=\"{&quot;_animation&quot;:&quot;zoomIn&quot;}\" data-widget_type=\"heading.default\">\n\t\t\t\t<div class=\"elementor-widget-container\">\n\t\t\t<style>\/*! elementor - v3.6.6 - 08-06-2022 *\/\n.elementor-heading-title{padding:0;margin:0;line-height:1}.elementor-widget-heading .elementor-heading-title[class*=elementor-size-]>a{color:inherit;font-size:inherit;line-height:inherit}.elementor-widget-heading .elementor-heading-title.elementor-size-small{font-size:15px}.elementor-widget-heading .elementor-heading-title.elementor-size-medium{font-size:19px}.elementor-widget-heading .elementor-heading-title.elementor-size-large{font-size:29px}.elementor-widget-heading .elementor-heading-title.elementor-size-xl{font-size:39px}.elementor-widget-heading .elementor-heading-title.elementor-size-xxl{font-size:59px}<\/style><h2 class=\"elementor-heading-title elementor-size-default\"><font dir=\"auto\" style=\"vertical-align: inherit;\"><font dir=\"auto\" style=\"vertical-align: inherit;\">\u00bfQui\u00e9nes Somos<\/font><\/font><font dir=\"auto\" style=\"vertical-align: inherit;\"><font dir=\"auto\" style=\"vertical-align: inherit;\">?<\/font><\/font><\/h2>\t\t<\/div>\n\t\t\t\t<\/div>\n\t\t\t\t<div class=\"elementor-element elementor-element-edc220a elementor-invisible elementor-widget elementor-widget-heading\" data-id=\"edc220a\" data-element_type=\"widget\" data-settings=\"{&quot;_animation&quot;:&quot;zoomIn&quot;}\" data-widget_type=\"heading.default\">\n\t\t\t\t<div class=\"elementor-widget-container\">\n\t\t\t<h2 class=\"elementor-heading-title elementor-size-default\"><font style=\"vertical-align: inherit;\"><font style=\"vertical-align: inherit;\"><b><font style=\"vertical-align: inherit;\"><font style=\"vertical-align: inherit;\">FARM CROP SAC<\/font><\/font><\/b><font style=\"vertical-align: inherit;\"><font style=\"vertical-align: inherit;\"> es una empresa peruana dedicada a la importaci\u00f3n y comercializaci\u00f3n de productos agr\u00edcolas, todos con insumos y tecnolog\u00eda de alta calidad. Iniciamos nuestras actividades en el a\u00f1o 2017. <\/font><\/font><br><font style=\"vertical-align: inherit;\"><font style=\"vertical-align: inherit;\"><br>Somos parte del Grupo Empresarial G &amp; L, en pleno crecimiento diversificando cada a\u00f1o nuestro portafolio de productos. Ofrecemos a nuestros clientes productos de atenci\u00f3n de calidad, asistencia t\u00e9cnica y la necesaria para lograr altos rendimientos, haciendo una agricultura m\u00e1s competitiva y sostenible. <br><br>Estamos a la disposici\u00f3n del agricultor para lo cual contamos con un equipo de profesionales especializados en protecci\u00f3n vegetal<\/font><\/font><\/font><\/font><font style=\"vertical-align: inherit;\"><font style=\"vertical-align: inherit;\"> .<\/font><\/font><font style=\"vertical-align: inherit;\"><font style=\"vertical-align: inherit;\"><font style=\"vertical-align: inherit;\"><\/font><\/font><\/font><font style=\"vertical-align: inherit;\"><\/font><\/h2>\t\t<\/div>\n\t\t\t\t<\/div>\n\t\t\t\t\t<\/div>\n\t\t<\/div>\n\t\t\t\t\t\t\t<\/div>\n\t\t<\/section>\n\t\t\t\t<section class=\"elementor-section elementor-top-section elementor-element elementor-element-0e16f7b elementor-section-boxed elementor-section-height-default elementor-section-height-default\" data-id=\"0e16f7b\" data-element_type=\"section\">\n\t\t\t\t\t\t<div class=\"elementor-container elementor-column-gap-default\">\n\t\t\t\t\t<div class=\"elementor-column elementor-col-100 elementor-top-column elementor-element elementor-element-999f2cf\" data-id=\"999f2cf\" data-element_type=\"column\">\n\t\t\t<div class=\"elementor-widget-wrap elementor-element-populated\">\n\t\t\t\t\t\t\t\t<div class=\"elementor-element elementor-element-fe73b36 animated-slow elementor-invisible elementor-widget elementor-widget-image\" data-id=\"fe73b36\" data-element_type=\"widget\" data-settings=\"{&quot;_animation&quot;:&quot;zoomIn&quot;}\" data-widget_type=\"image.default\">\n\t\t\t\t<div class=\"elementor-widget-container\">\n\t\t\t<style>\/*! elementor - v3.6.6 - 08-06-2022 *\/\n.elementor-widget-image{text-align:center}.elementor-widget-image a{display:inline-block}.elementor-widget-image a img[src$=\".svg\"]{width:48px}.elementor-widget-image img{vertical-align:middle;display:inline-block}<\/style>\t\t\t\t\t\t\t\t\t\t\t\t<img width=\"800\" height=\"325\" src=\"https:\/\/farmcrop1.com\/wp-content\/uploads\/2025\/10\/FOTO-WEB-ANIVERSARIO-1024x416.jpg\" class=\"attachment-large size-large\" alt=\"\" loading=\"lazy\" srcset=\"https:\/\/farmcrop1.com\/wp-content\/uploads\/2025\/10\/FOTO-WEB-ANIVERSARIO-1024x416.jpg 1024w, https:\/\/farmcrop1.com\/wp-content\/uploads\/2025\/10\/FOTO-WEB-ANIVERSARIO-300x122.jpg 300w, https:\/\/farmcrop1.com\/wp-content\/uploads\/2025\/10\/FOTO-WEB-ANIVERSARIO-768x312.jpg 768w, https:\/\/farmcrop1.com\/wp-content\/uploads\/2025\/10\/FOTO-WEB-ANIVERSARIO-1536x625.jpg 1536w, https:\/\/farmcrop1.com\/wp-content\/uploads\/2025\/10\/FOTO-WEB-ANIVERSARIO-2048x833.jpg 2048w\" sizes=\"(max-width: 800px) 100vw, 800px\" \/>\t\t\t\t\t\t\t\t\t\t\t\t\t\t\t<\/div>\n\t\t\t\t<\/div>\n\t\t\t\t\t<\/div>\n\t\t<\/div>\n\t\t\t\t\t\t\t<\/div>\n\t\t<\/section>\n\t\t\t\t<section class=\"elementor-section elementor-top-section elementor-element elementor-element-8e3b078 animated-slow elementor-section-boxed elementor-section-height-default elementor-section-height-default elementor-invisible\" data-id=\"8e3b078\" data-element_type=\"section\" data-settings=\"{&quot;background_background&quot;:&quot;classic&quot;,&quot;animation&quot;:&quot;zoomIn&quot;}\">\n\t\t\t\t\t\t<div class=\"elementor-container elementor-column-gap-default\">\n\t\t\t\t\t<div class=\"elementor-column elementor-col-100 elementor-top-column elementor-element elementor-element-60217cb\" data-id=\"60217cb\" data-element_type=\"column\">\n\t\t\t<div class=\"elementor-widget-wrap elementor-element-populated\">\n\t\t\t\t\t\t\t\t<div class=\"elementor-element elementor-element-136c593 elementor-button-info elementor-align-center animated-slow elementor-invisible elementor-widget elementor-widget-button\" data-id=\"136c593\" data-element_type=\"widget\" data-settings=\"{&quot;_animation&quot;:&quot;fadeIn&quot;}\" data-widget_type=\"button.default\">\n\t\t\t\t<div class=\"elementor-widget-container\">\n\t\t\t\t\t<div class=\"elementor-button-wrapper\">\n\t\t\t<a href=\"https:\/\/wa.link\/dtaxsn\" class=\"elementor-button-link elementor-button elementor-size-xl\" role=\"button\">\n\t\t\t\t\t\t<span class=\"elementor-button-content-wrapper\">\n\t\t\t\t\t\t\t<span class=\"elementor-button-icon elementor-align-icon-left\">\n\t\t\t\t<i aria-hidden=\"true\" class=\"fab fa-whatsapp\"><\/i>\t\t\t<\/span>\n\t\t\t\t\t\t<span class=\"elementor-button-text\">Escr\u00edbenos al WhatsApp<\/span>\n\t\t<\/span>\n\t\t\t\t\t<\/a>\n\t\t<\/div>\n\t\t\t\t<\/div>\n\t\t\t\t<\/div>\n\t\t\t\t\t<\/div>\n\t\t<\/div>\n\t\t\t\t\t\t\t<\/div>\n\t\t<\/section>\n\t\t\t\t<section class=\"elementor-section elementor-top-section elementor-element elementor-element-2b99354 elementor-section-boxed elementor-section-height-default elementor-section-height-default\" data-id=\"2b99354\" data-element_type=\"section\">\n\t\t\t\t\t\t<div class=\"elementor-container elementor-column-gap-default\">\n\t\t\t\t\t<div class=\"elementor-column elementor-col-50 elementor-top-column elementor-element elementor-element-71f9f3c\" data-id=\"71f9f3c\" data-element_type=\"column\">\n\t\t\t<div class=\"elementor-widget-wrap elementor-element-populated\">\n\t\t\t\t\t\t\t\t<div class=\"elementor-element elementor-element-bfba8a7 animated-slow elementor-invisible elementor-widget elementor-widget-image\" data-id=\"bfba8a7\" data-element_type=\"widget\" data-settings=\"{&quot;_animation&quot;:&quot;fadeIn&quot;}\" data-widget_type=\"image.default\">\n\t\t\t\t<div class=\"elementor-widget-container\">\n\t\t\t\t\t\t\t\t\t\t\t\t\t\t\t<img width=\"1316\" height=\"635\" src=\"https:\/\/farmcrop1.com\/wp-content\/uploads\/2023\/08\/Sin-titulo-1-10.jpg\" class=\"attachment-1536x1536 size-1536x1536\" alt=\"\" loading=\"lazy\" srcset=\"https:\/\/farmcrop1.com\/wp-content\/uploads\/2023\/08\/Sin-titulo-1-10.jpg 1316w, https:\/\/farmcrop1.com\/wp-content\/uploads\/2023\/08\/Sin-titulo-1-10-300x145.jpg 300w, https:\/\/farmcrop1.com\/wp-content\/uploads\/2023\/08\/Sin-titulo-1-10-1024x494.jpg 1024w, https:\/\/farmcrop1.com\/wp-content\/uploads\/2023\/08\/Sin-titulo-1-10-768x371.jpg 768w\" sizes=\"(max-width: 1316px) 100vw, 1316px\" \/>\t\t\t\t\t\t\t\t\t\t\t\t\t\t\t<\/div>\n\t\t\t\t<\/div>\n\t\t\t\t\t<\/div>\n\t\t<\/div>\n\t\t\t\t<div class=\"elementor-column elementor-col-50 elementor-top-column elementor-element elementor-element-409fd43\" data-id=\"409fd43\" data-element_type=\"column\">\n\t\t\t<div class=\"elementor-widget-wrap elementor-element-populated\">\n\t\t\t\t\t\t\t\t<div class=\"elementor-element elementor-element-89cd57a animated-slow elementor-invisible elementor-widget elementor-widget-image\" data-id=\"89cd57a\" data-element_type=\"widget\" data-settings=\"{&quot;_animation&quot;:&quot;fadeIn&quot;}\" data-widget_type=\"image.default\">\n\t\t\t\t<div class=\"elementor-widget-container\">\n\t\t\t\t\t\t\t\t\t\t\t\t\t\t\t<img width=\"1316\" height=\"635\" src=\"https:\/\/farmcrop1.com\/wp-content\/uploads\/2023\/08\/2-10.jpg\" class=\"attachment-1536x1536 size-1536x1536\" alt=\"\" loading=\"lazy\" srcset=\"https:\/\/farmcrop1.com\/wp-content\/uploads\/2023\/08\/2-10.jpg 1316w, https:\/\/farmcrop1.com\/wp-content\/uploads\/2023\/08\/2-10-300x145.jpg 300w, https:\/\/farmcrop1.com\/wp-content\/uploads\/2023\/08\/2-10-1024x494.jpg 1024w, https:\/\/farmcrop1.com\/wp-content\/uploads\/2023\/08\/2-10-768x371.jpg 768w\" sizes=\"(max-width: 1316px) 100vw, 1316px\" \/>\t\t\t\t\t\t\t\t\t\t\t\t\t\t\t<\/div>\n\t\t\t\t<\/div>\n\t\t\t\t\t<\/div>\n\t\t<\/div>\n\t\t\t\t\t\t\t<\/div>\n\t\t<\/section>\n\t\t\t\t<section class=\"elementor-section elementor-top-section elementor-element elementor-element-928e3d8 elementor-section-boxed elementor-section-height-default elementor-section-height-default\" data-id=\"928e3d8\" data-element_type=\"section\">\n\t\t\t\t\t\t<div class=\"elementor-container elementor-column-gap-default\">\n\t\t\t\t\t<div class=\"elementor-column elementor-col-100 elementor-top-column elementor-element elementor-element-8308564\" data-id=\"8308564\" data-element_type=\"column\">\n\t\t\t<div class=\"elementor-widget-wrap elementor-element-populated\">\n\t\t\t\t\t\t\t\t<div class=\"elementor-element elementor-element-ec778a2 elementor-invisible elementor-widget elementor-widget-heading\" data-id=\"ec778a2\" data-element_type=\"widget\" data-settings=\"{&quot;_animation&quot;:&quot;zoomIn&quot;}\" data-widget_type=\"heading.default\">\n\t\t\t\t<div class=\"elementor-widget-container\">\n\t\t\t<h2 class=\"elementor-heading-title elementor-size-default\"><font dir=\"auto\" style=\"vertical-align: inherit;\"><font dir=\"auto\" style=\"vertical-align: inherit;\">\u00bfQu\u00e9 Ofrecemos<\/font><\/font><font dir=\"auto\" style=\"vertical-align: inherit;\"><font dir=\"auto\" style=\"vertical-align: inherit;\">?<\/font><\/font><\/h2>\t\t<\/div>\n\t\t\t\t<\/div>\n\t\t\t\t<div class=\"elementor-element elementor-element-bf9e912 elementor-invisible elementor-widget elementor-widget-heading\" data-id=\"bf9e912\" data-element_type=\"widget\" data-settings=\"{&quot;_animation&quot;:&quot;zoomIn&quot;}\" data-widget_type=\"heading.default\">\n\t\t\t\t<div class=\"elementor-widget-container\">\n\t\t\t<h2 class=\"elementor-heading-title elementor-size-default\">Ofrecemos a nuestros clientes productos de calidad, asistencia t\u00e9cnica y la atenci\u00f3n necesaria para lograr altos rendimientos, haciendo una agricultura m\u00e1s competitiva y sostenible.<\/h2>\t\t<\/div>\n\t\t\t\t<\/div>\n\t\t\t\t\t<\/div>\n\t\t<\/div>\n\t\t\t\t\t\t\t<\/div>\n\t\t<\/section>\n\t\t\t\t<section class=\"elementor-section elementor-top-section elementor-element elementor-element-f808643 elementor-section-boxed elementor-section-height-default elementor-section-height-default\" data-id=\"f808643\" data-element_type=\"section\">\n\t\t\t\t\t\t<div class=\"elementor-container elementor-column-gap-default\">\n\t\t\t\t\t<div class=\"elementor-column elementor-col-33 elementor-top-column elementor-element elementor-element-2a89d07\" data-id=\"2a89d07\" data-element_type=\"column\">\n\t\t\t<div class=\"elementor-widget-wrap elementor-element-populated\">\n\t\t\t\t\t\t\t\t<div class=\"elementor-element elementor-element-7d1feee animated-slow elementor-invisible elementor-widget elementor-widget-image\" data-id=\"7d1feee\" data-element_type=\"widget\" data-settings=\"{&quot;_animation&quot;:&quot;fadeIn&quot;}\" data-widget_type=\"image.default\">\n\t\t\t\t<div class=\"elementor-widget-container\">\n\t\t\t\t\t\t\t\t\t\t\t\t\t\t\t<img src=\"https:\/\/farmcrop1.com\/wp-content\/uploads\/elementor\/thumbs\/Recurso-26-qarvnm93w16zxtx49nu2aanli1hlm1i91ie9a4o04w.png\" title=\"Recurso 26\" alt=\"Recurso 26\" \/>\t\t\t\t\t\t\t\t\t\t\t\t\t\t\t<\/div>\n\t\t\t\t<\/div>\n\t\t\t\t<div class=\"elementor-element elementor-element-561b6f4 animated-slow elementor-invisible elementor-widget elementor-widget-heading\" data-id=\"561b6f4\" data-element_type=\"widget\" data-settings=\"{&quot;_animation&quot;:&quot;zoomIn&quot;}\" data-widget_type=\"heading.default\">\n\t\t\t\t<div class=\"elementor-widget-container\">\n\t\t\t<h2 class=\"elementor-heading-title elementor-size-default\">Puntualidad<\/h2>\t\t<\/div>\n\t\t\t\t<\/div>\n\t\t\t\t\t<\/div>\n\t\t<\/div>\n\t\t\t\t<div class=\"elementor-column elementor-col-33 elementor-top-column elementor-element elementor-element-545a950\" data-id=\"545a950\" data-element_type=\"column\">\n\t\t\t<div class=\"elementor-widget-wrap elementor-element-populated\">\n\t\t\t\t\t\t\t\t<div class=\"elementor-element elementor-element-575a996 animated-slow elementor-invisible elementor-widget elementor-widget-image\" data-id=\"575a996\" data-element_type=\"widget\" data-settings=\"{&quot;_animation&quot;:&quot;fadeIn&quot;}\" data-widget_type=\"image.default\">\n\t\t\t\t<div class=\"elementor-widget-container\">\n\t\t\t\t\t\t\t\t\t\t\t\t\t\t\t<img src=\"https:\/\/farmcrop1.com\/wp-content\/uploads\/elementor\/thumbs\/Recurso-33-qarvnp2mgjauwnt0t71xzrxza73p94tg1wcppyjtm8.png\" title=\"Recurso 33\" alt=\"Recurso 33\" \/>\t\t\t\t\t\t\t\t\t\t\t\t\t\t\t<\/div>\n\t\t\t\t<\/div>\n\t\t\t\t<div class=\"elementor-element elementor-element-d16922c animated-slow elementor-invisible elementor-widget elementor-widget-heading\" data-id=\"d16922c\" data-element_type=\"widget\" data-settings=\"{&quot;_animation&quot;:&quot;zoomIn&quot;}\" data-widget_type=\"heading.default\">\n\t\t\t\t<div class=\"elementor-widget-container\">\n\t\t\t<h2 class=\"elementor-heading-title elementor-size-default\">Compromiso<\/h2>\t\t<\/div>\n\t\t\t\t<\/div>\n\t\t\t\t\t<\/div>\n\t\t<\/div>\n\t\t\t\t<div class=\"elementor-column elementor-col-33 elementor-top-column elementor-element elementor-element-27d174b\" data-id=\"27d174b\" data-element_type=\"column\">\n\t\t\t<div class=\"elementor-widget-wrap elementor-element-populated\">\n\t\t\t\t\t\t\t\t<div class=\"elementor-element elementor-element-bd1c4aa animated-slow elementor-invisible elementor-widget elementor-widget-image\" data-id=\"bd1c4aa\" data-element_type=\"widget\" data-settings=\"{&quot;_animation&quot;:&quot;fadeIn&quot;}\" data-widget_type=\"image.default\">\n\t\t\t\t<div class=\"elementor-widget-container\">\n\t\t\t\t\t\t\t\t\t\t\t\t\t\t\t<img src=\"https:\/\/farmcrop1.com\/wp-content\/uploads\/elementor\/thumbs\/Recurso-27-qarvnn6y2v8a9fvr468ousf23fcytqlzdn1qremlyo.png\" title=\"Recurso 27\" alt=\"Recurso 27\" \/>\t\t\t\t\t\t\t\t\t\t\t\t\t\t\t<\/div>\n\t\t\t\t<\/div>\n\t\t\t\t<div class=\"elementor-element elementor-element-5a5e82d animated-slow elementor-invisible elementor-widget elementor-widget-heading\" data-id=\"5a5e82d\" data-element_type=\"widget\" data-settings=\"{&quot;_animation&quot;:&quot;zoomIn&quot;}\" data-widget_type=\"heading.default\">\n\t\t\t\t<div class=\"elementor-widget-container\">\n\t\t\t<h2 class=\"elementor-heading-title elementor-size-default\">Respeto<\/h2>\t\t<\/div>\n\t\t\t\t<\/div>\n\t\t\t\t\t<\/div>\n\t\t<\/div>\n\t\t\t\t\t\t\t<\/div>\n\t\t<\/section>\n\t\t\t\t<section class=\"elementor-section elementor-top-section elementor-element elementor-element-eee406a elementor-section-boxed elementor-section-height-default elementor-section-height-default\" data-id=\"eee406a\" data-element_type=\"section\">\n\t\t\t\t\t\t<div class=\"elementor-container elementor-column-gap-default\">\n\t\t\t\t\t<div class=\"elementor-column elementor-col-33 elementor-top-column elementor-element elementor-element-076fb96\" data-id=\"076fb96\" data-element_type=\"column\">\n\t\t\t<div class=\"elementor-widget-wrap elementor-element-populated\">\n\t\t\t\t\t\t\t\t<div class=\"elementor-element elementor-element-eeb70ae animated-slow elementor-invisible elementor-widget elementor-widget-image\" data-id=\"eeb70ae\" data-element_type=\"widget\" data-settings=\"{&quot;_animation&quot;:&quot;fadeIn&quot;}\" data-widget_type=\"image.default\">\n\t\t\t\t<div class=\"elementor-widget-container\">\n\t\t\t\t\t\t\t\t\t\t\t\t\t\t\t<img src=\"https:\/\/farmcrop1.com\/wp-content\/uploads\/elementor\/thumbs\/Recurso-32-qarvnp2mgjauwnt0t71xzrxza73p94tg1wcppyjtm8.png\" title=\"Recurso 32\" alt=\"Recurso 32\" \/>\t\t\t\t\t\t\t\t\t\t\t\t\t\t\t<\/div>\n\t\t\t\t<\/div>\n\t\t\t\t<div class=\"elementor-element elementor-element-9387a09 animated-slow elementor-invisible elementor-widget elementor-widget-heading\" data-id=\"9387a09\" data-element_type=\"widget\" data-settings=\"{&quot;_animation&quot;:&quot;zoomIn&quot;}\" data-widget_type=\"heading.default\">\n\t\t\t\t<div class=\"elementor-widget-container\">\n\t\t\t<h2 class=\"elementor-heading-title elementor-size-default\">Calidad<\/h2>\t\t<\/div>\n\t\t\t\t<\/div>\n\t\t\t\t\t<\/div>\n\t\t<\/div>\n\t\t\t\t<div class=\"elementor-column elementor-col-33 elementor-top-column elementor-element elementor-element-175b09f\" data-id=\"175b09f\" data-element_type=\"column\">\n\t\t\t<div class=\"elementor-widget-wrap elementor-element-populated\">\n\t\t\t\t\t\t\t\t<div class=\"elementor-element elementor-element-aee191b animated-slow elementor-invisible elementor-widget elementor-widget-image\" data-id=\"aee191b\" data-element_type=\"widget\" data-settings=\"{&quot;_animation&quot;:&quot;fadeIn&quot;}\" data-widget_type=\"image.default\">\n\t\t\t\t<div class=\"elementor-widget-container\">\n\t\t\t\t\t\t\t\t\t\t\t\t\t\t\t<img src=\"https:\/\/farmcrop1.com\/wp-content\/uploads\/elementor\/thumbs\/Recurso-28-qarvnn6y2v8a9fvr468ousf23fcytqlzdn1qremlyo.png\" title=\"Recurso 28\" alt=\"Recurso 28\" \/>\t\t\t\t\t\t\t\t\t\t\t\t\t\t\t<\/div>\n\t\t\t\t<\/div>\n\t\t\t\t<div class=\"elementor-element elementor-element-b0e86f2 animated-slow elementor-invisible elementor-widget elementor-widget-heading\" data-id=\"b0e86f2\" data-element_type=\"widget\" data-settings=\"{&quot;_animation&quot;:&quot;zoomIn&quot;}\" data-widget_type=\"heading.default\">\n\t\t\t\t<div class=\"elementor-widget-container\">\n\t\t\t<h2 class=\"elementor-heading-title elementor-size-default\">Responsabilidad<\/h2>\t\t<\/div>\n\t\t\t\t<\/div>\n\t\t\t\t\t<\/div>\n\t\t<\/div>\n\t\t\t\t<div class=\"elementor-column elementor-col-33 elementor-top-column elementor-element elementor-element-bc1fdd5\" data-id=\"bc1fdd5\" data-element_type=\"column\">\n\t\t\t<div class=\"elementor-widget-wrap elementor-element-populated\">\n\t\t\t\t\t\t\t\t<div class=\"elementor-element elementor-element-a6466d9 animated-slow elementor-invisible elementor-widget elementor-widget-image\" data-id=\"a6466d9\" data-element_type=\"widget\" data-settings=\"{&quot;_animation&quot;:&quot;fadeIn&quot;}\" data-widget_type=\"image.default\">\n\t\t\t\t<div class=\"elementor-widget-container\">\n\t\t\t\t\t\t\t\t\t\t\t\t\t\t\t<img src=\"https:\/\/farmcrop1.com\/wp-content\/uploads\/elementor\/thumbs\/Recurso-29-qarvno4s9p9kl1udyonbfa6iot8c1fppprp88ol7sg.png\" title=\"Recurso 29\" alt=\"Recurso 29\" \/>\t\t\t\t\t\t\t\t\t\t\t\t\t\t\t<\/div>\n\t\t\t\t<\/div>\n\t\t\t\t<div class=\"elementor-element elementor-element-fb17eda animated-slow elementor-invisible elementor-widget elementor-widget-heading\" data-id=\"fb17eda\" data-element_type=\"widget\" data-settings=\"{&quot;_animation&quot;:&quot;zoomIn&quot;}\" data-widget_type=\"heading.default\">\n\t\t\t\t<div class=\"elementor-widget-container\">\n\t\t\t<h2 class=\"elementor-heading-title elementor-size-default\">Pasi\u00f3n<\/h2>\t\t<\/div>\n\t\t\t\t<\/div>\n\t\t\t\t\t<\/div>\n\t\t<\/div>\n\t\t\t\t\t\t\t<\/div>\n\t\t<\/section>\n\t\t\t\t\t\t\t<\/div>\n\t\t","protected":false},"excerpt":{"rendered":"<p>\u00bfQui\u00e9nes Somos? FARM CROP SAC es una empresa peruana dedicada a la importaci\u00f3n y comercializaci\u00f3n de productos agr\u00edcolas, todos con insumos y tecnolog\u00eda de alta calidad. Iniciamos nuestras actividades en el a\u00f1o 2017. Somos parte del Grupo Empresarial G &amp; L, en pleno crecimiento diversificando cada a\u00f1o nuestro portafolio de productos. Ofrecemos a nuestros clientes productos de atenci\u00f3n de calidad, asistencia t\u00e9cnica y la necesaria para lograr altos rendimientos, haciendo una agricultura m\u00e1s competitiva y sostenible. Estamos a la disposici\u00f3n del agricultor para lo cual contamos con un equipo de profesionales especializados en protecci\u00f3n vegetal . Escr\u00edbenos al WhatsApp \u00bfQu\u00e9 Ofrecemos? Ofrecemos a nuestros clientes productos de calidad, asistencia t\u00e9cnica y la atenci\u00f3n necesaria para lograr altos rendimientos, haciendo una agricultura m\u00e1s competitiva y sostenible. Puntualidad Compromiso Respeto Calidad Responsabilidad Pasi\u00f3n<\/p>\n","protected":false},"author":1,"featured_media":0,"parent":0,"menu_order":0,"comment_status":"closed","ping_status":"closed","template":"","meta":[],"_links":{"self":[{"href":"https:\/\/farmcrop1.com\/index.php?rest_route=\/wp\/v2\/pages\/231"}],"collection":[{"href":"https:\/\/farmcrop1.com\/index.php?rest_route=\/wp\/v2\/pages"}],"about":[{"href":"https:\/\/farmcrop1.com\/index.php?rest_route=\/wp\/v2\/types\/page"}],"author":[{"embeddable":true,"href":"https:\/\/farmcrop1.com\/index.php?rest_route=\/wp\/v2\/users\/1"}],"replies":[{"embeddable":true,"href":"https:\/\/farmcrop1.com\/index.php?rest_route=%2Fwp%2Fv2%2Fcomments&post=231"}],"version-history":[{"count":340,"href":"https:\/\/farmcrop1.com\/index.php?rest_route=\/wp\/v2\/pages\/231\/revisions"}],"predecessor-version":[{"id":5478,"href":"https:\/\/farmcrop1.com\/index.php?rest_route=\/wp\/v2\/pages\/231\/revisions\/5478"}],"wp:attachment":[{"href":"https:\/\/farmcrop1.com\/index.php?rest_route=%2Fwp%2Fv2%2Fmedia&parent=231"}],"curies":[{"name":"wp","href":"https:\/\/api.w.org\/{rel}","templated":true}]}}